{"id":3,"date":"2020-09-15T13:25:05","date_gmt":"2020-09-15T13:25:05","guid":{"rendered":"https:\/\/travel2study.eu\/?page_id=3"},"modified":"2020-12-15T14:12:26","modified_gmt":"2020-12-15T14:12:26","slug":"privacy-policy","status":"publish","type":"page","link":"https:\/\/travel2study.eu\/it\/privacy-policy\/","title":{"rendered":"Politica sulla riservatezza"},"content":{"rendered":"<div data-elementor-type=\"wp-page\" data-elementor-id=\"3\" class=\"elementor elementor-3\" data-elementor-post-type=\"page\">\n\t\t\t\t\t\t<section class=\"elementor-section elementor-top-section elementor-element elementor-element-e903ae4 elementor-section-boxed elementor-section-height-default elementor-section-height-default\" data-id=\"e903ae4\" data-element_type=\"section\" data-settings=\"{&quot;jet_parallax_layout_list&quot;:[{&quot;jet_parallax_layout_image&quot;:{&quot;url&quot;:&quot;&quot;,&quot;id&quot;:&quot;&quot;,&quot;size&quot;:&quot;&quot;},&quot;_id&quot;:&quot;9a73b11&quot;,&quot;jet_parallax_layout_image_tablet&quot;:{&quot;url&quot;:&quot;&quot;,&quot;id&quot;:&quot;&quot;,&quot;size&quot;:&quot;&quot;},&quot;jet_parallax_layout_image_mobile&quot;:{&quot;url&quot;:&quot;&quot;,&quot;id&quot;:&quot;&quot;,&quot;size&quot;:&quot;&quot;},&quot;jet_parallax_layout_speed&quot;:{&quot;unit&quot;:&quot;%&quot;,&quot;size&quot;:50,&quot;sizes&quot;:[]},&quot;jet_parallax_layout_type&quot;:&quot;scroll&quot;,&quot;jet_parallax_layout_direction&quot;:&quot;1&quot;,&quot;jet_parallax_layout_fx_direction&quot;:null,&quot;jet_parallax_layout_z_index&quot;:&quot;&quot;,&quot;jet_parallax_layout_bg_x&quot;:50,&quot;jet_parallax_layout_bg_x_tablet&quot;:&quot;&quot;,&quot;jet_parallax_layout_bg_x_mobile&quot;:&quot;&quot;,&quot;jet_parallax_layout_bg_y&quot;:50,&quot;jet_parallax_layout_bg_y_tablet&quot;:&quot;&quot;,&quot;jet_parallax_layout_bg_y_mobile&quot;:&quot;&quot;,&quot;jet_parallax_layout_bg_size&quot;:&quot;auto&quot;,&quot;jet_parallax_layout_bg_size_tablet&quot;:&quot;&quot;,&quot;jet_parallax_layout_bg_size_mobile&quot;:&quot;&quot;,&quot;jet_parallax_layout_animation_prop&quot;:&quot;transform&quot;,&quot;jet_parallax_layout_on&quot;:[&quot;desktop&quot;,&quot;tablet&quot;]}]}\">\n\t\t\t\t\t\t<div class=\"elementor-container elementor-column-gap-default\">\n\t\t\t\t\t<div class=\"elementor-column elementor-col-50 elementor-top-column elementor-element elementor-element-9f1812b\" data-id=\"9f1812b\" data-element_type=\"column\">\n\t\t\t<div class=\"elementor-widget-wrap elementor-element-populated\">\n\t\t\t\t\t\t<div class=\"elementor-element elementor-element-abf7bfd elementor-hidden-phone elementor-invisible elementor-widget elementor-widget-jet-custom-menu\" data-id=\"abf7bfd\" data-element_type=\"widget\" data-settings=\"{&quot;sticky&quot;:&quot;top&quot;,&quot;sticky_on&quot;:[&quot;desktop&quot;,&quot;tablet&quot;],&quot;sticky_offset&quot;:130,&quot;sticky_effects_offset&quot;:130,&quot;sticky_parent&quot;:&quot;yes&quot;,&quot;_animation&quot;:&quot;fadeInDown&quot;,&quot;sticky_anchor_link_offset&quot;:0}\" data-widget_type=\"jet-custom-menu.default\">\n\t\t\t\t<div class=\"elementor-widget-container\">\n\t\t\t\t\t<div class=\"menu-info-container\"><div class=\"jet-custom-nav jet-custom-nav--dropdown-right-side jet-custom-nav--animation-fade\" data-trigger=\"hover\"><div class=\"menu-item menu-item-type-post_type menu-item-object-page menu-item-privacy-policy jet-custom-nav__item jet-custom-nav__item-3671\"><a href=\"https:\/\/travel2study.eu\/it\/privacy-policy\/\" class=\"jet-custom-nav__item-link\"><span class=\"jet-menu-link-text\"><span class=\"jet-custom-item-label top-level-label\">Politica sulla riservatezza<\/span><\/span><\/a><\/div>\n<div class=\"menu-item menu-item-type-post_type menu-item-object-page jet-custom-nav__item jet-custom-nav__item-3672\"><a href=\"https:\/\/travel2study.eu\/it\/faq\/\" class=\"jet-custom-nav__item-link\"><span class=\"jet-menu-link-text\"><span class=\"jet-custom-item-label top-level-label\">FAQ<\/span><\/span><\/a><\/div>\n<\/div><\/div>\t\t\t\t<\/div>\n\t\t\t\t<\/div>\n\t\t\t\t\t<\/div>\n\t\t<\/div>\n\t\t\t\t<div class=\"elementor-column elementor-col-50 elementor-top-column elementor-element elementor-element-7b72e4f\" data-id=\"7b72e4f\" data-element_type=\"column\">\n\t\t\t<div class=\"elementor-widget-wrap elementor-element-populated\">\n\t\t\t\t\t\t<div class=\"elementor-element elementor-element-b870a7d elementor-widget elementor-widget-heading\" data-id=\"b870a7d\" data-element_type=\"widget\" data-widget_type=\"heading.default\">\n\t\t\t\t<div class=\"elementor-widget-container\">\n\t\t\t\t\t<h2 class=\"elementor-heading-title elementor-size-default\">Politica sulla riservatezza\n<\/h2>\t\t\t\t<\/div>\n\t\t\t\t<\/div>\n\t\t\t\t<div class=\"elementor-element elementor-element-c2dbac0 elementor-widget-divider--view-line elementor-widget elementor-widget-divider\" data-id=\"c2dbac0\" data-element_type=\"widget\" data-widget_type=\"divider.default\">\n\t\t\t\t<div class=\"elementor-widget-container\">\n\t\t\t\t\t\t\t<div class=\"elementor-divider\">\n\t\t\t<span class=\"elementor-divider-separator\">\n\t\t\t\t\t\t<\/span>\n\t\t<\/div>\n\t\t\t\t\t\t<\/div>\n\t\t\t\t<\/div>\n\t\t\t\t<div class=\"elementor-element elementor-element-015b52f elementor-widget elementor-widget-text-editor\" data-id=\"015b52f\" data-element_type=\"widget\" data-widget_type=\"text-editor.default\">\n\t\t\t\t<div class=\"elementor-widget-container\">\n\t\t\t\t\t\t\t\t\t<h2>Interpretazione e definizioni<\/h2>\n<h3>Interpretazione<\/h3>\n<p>Le parole la cui lettera iniziale \u00e8 in maiuscolo hanno il significato definito di seguito. Le seguenti definizioni avranno lo stesso significato indipendentemente dal fatto che appaiano al singolare o al plurale.<\/p>\n<h3>Definizioni<\/h3>\n<p>Ai fini della presente Informativa sulla privacy<\/p>\n<ul>\n<li>\n<p class=\" translation-block\">Account indica un account univoco creato in modo che tu possa accedere al nostro Servizio o parti del nostro Servizio.<\/p>\n<\/li>\n<li>\n<p class=\" translation-block\">Azienda (denominata \"la Societ\u00e0\", \"Noi\", \"Noi\" o \"Nostro\" nel presente Contratto) si riferisce a Travel 2 Study, Via Augusta 135, Barcellona.<\/p>\n<\/li>\n<li>\n<p class=\" translation-block\">I cookie sono piccoli file che vengono posizionati sul tuo computer, dispositivo mobile o qualsiasi altro dispositivo da un sito web, che contengono i dettagli della tua cronologia di navigazione su quel sito web tra i tuoi molteplici usi.<\/p>\n<\/li>\n<li>\n<p class=\" translation-block\">Il paese si riferisce a: Spagna<\/p>\n<\/li>\n<li>\n<p class=\" translation-block\">Per dispositivo si intende qualsiasi dispositivo in grado di accedere al Servizio, come un computer, un telefono cellulare o un tablet digitale.<\/p>\n<\/li>\n<li>\n<p class=\" translation-block\">I dati personali sono tutte le informazioni relative a un individuo identificato o identificabile.<\/p>\n<\/li>\n<li>\n<p class=\" translation-block\">Il servizio si riferisce al sito web.<\/p>\n<\/li>\n<li>\n<p class=\" translation-block\">Per fornitore di servizi si intende qualsiasi persona fisica o giuridica che elabora i dati per conto della Societ\u00e0. Si riferisce a societ\u00e0 terze o individui incaricati dalla Societ\u00e0 per facilitare il Servizio, per fornire il Servizio per conto della Societ\u00e0, per eseguire servizi relativi al Servizio o per aiutare la Societ\u00e0 ad analizzare come viene utilizzato il Servizio.<\/p>\n<\/li>\n<li>\n<p class=\" translation-block\">Il servizio di social media di terze parti si riferisce a qualsiasi sito Web o sito Web di social network tramite il quale un Utente pu\u00f2 accedere o creare un account per utilizzare il Servizio.<\/p>\n<\/li>\n<li>\n<p class=\" translation-block\">Per dati di utilizzo si intendono i dati raccolti automaticamente, generati dall'utilizzo del Servizio o dall'infrastruttura del Servizio stesso (ad esempio, la durata della visita ad una pagina).<\/p>\n<\/li>\n<li>\n<p class=\" translation-block\">Il sito web fa riferimento a Travel 2 Study, accessibile da https:\/\/travel2study.eu\/<\/p>\n<\/li>\n<li>\n<p class=\" translation-block\">Si fa riferimento alla persona che accede o utilizza il Servizio, o alla societ\u00e0 o altra entit\u00e0 giuridica per conto della quale detta persona accede o utilizza il Servizio, a seconda dei casi.<\/p>\n<\/li>\n<\/ul>\n<h2>Raccolta e utilizzo dei tuoi dati personali<\/h2>\n<h3>Tipi di dati raccolti<\/h3>\n<h4>Informazione personale<\/h4>\n<p>Quando si utilizza il nostro Servizio, potremmo chiederti di fornirci alcune informazioni di identificazione personale che possono essere utilizzate per contattarti o identificarti. Le informazioni di identificazione personale possono includere, ma non sono limitate a:<\/p>\n<ul>\n<li>\n<p>Indirizzo email<\/p>\n<\/li>\n<li>\n<p>Nome e cognome<\/p>\n<\/li>\n<li>\n<p>Numero di telefono<\/p>\n<\/li>\n<li>\n<p>Indirizzo, stato, provincia, CAP, citt\u00e0<\/p>\n<\/li>\n<li>\n<p>Dati di utilizzo<\/p>\n<\/li>\n<\/ul>\n<h4>Dati di utilizzo<\/h4>\n<p>I dati di utilizzo vengono raccolti automaticamente quando si utilizza il servizio.<\/p>\n<p>I dati di utilizzo possono includere informazioni come l'indirizzo del protocollo Internet del tuo dispositivo (ad esempio, l'indirizzo IP), il tipo di browser, la versione del browser, le pagine del nostro Servizio che visiti, l'ora e la data della tua visita, il tempo trascorso su quelle pagine, gli identificatori univoci del dispositivo e altri dati diagnostici.<\/p>\n<p>Quando accedi al Servizio su o tramite un dispositivo mobile, potremmo raccogliere determinate informazioni automaticamente, inclusi, ma non limitati a, il tipo di dispositivo mobile che utilizzi, l'identificativo univoco del tuo dispositivo mobile, l'indirizzo IP del tuo dispositivo mobile, il tuo sistema operativo mobile, il tipo di browser Internet mobile che utilizzi, identificatori univoci del dispositivo e altri dati diagnostici.<\/p>\n<p>Potremmo anche raccogliere le informazioni che il tuo browser invia ogni volta che visiti il \u200b\u200bnostro Servizio o quando accedi al Servizio su o tramite un dispositivo mobile.<\/p>\n<h4>Tecnologie di tracciamento e cookie<\/h4>\n<p>Utilizziamo cookie e tecnologie di tracciamento simili per tracciare l'attivit\u00e0 sul nostro Servizio e memorizzare determinate informazioni. Le tecnologie di tracciamento utilizzate sono beacon, tag e script per raccogliere e tenere traccia delle informazioni e per migliorare e analizzare il nostro Servizio. Le tecnologie che utilizziamo possono includere:<\/p>\n<ul>\n<li class=\" translation-block\">Cookie o cookie del browser. Un cookie \u00e8 un piccolo file posizionato sul tuo dispositivo. Puoi indicare al tuo browser di rifiutare tutti i cookie o di indicare quando viene inviato un cookie. Tuttavia, se non accetti i cookie, potresti non essere in grado di utilizzare alcune parti del nostro servizio. A meno che tu non abbia regolato le impostazioni del browser per rifiutare i cookie, il nostro servizio potrebbe utilizzare i cookie.<\/li>\n<li class=\" translation-block\">Cookie Flash. Alcune funzionalit\u00e0 del nostro Servizio possono utilizzare oggetti memorizzati in locale (o Flash Cookie) per raccogliere e memorizzare informazioni sulle tue preferenze o sulla tua attivit\u00e0 sul nostro Servizio. I Flash Cookie non vengono gestiti con le stesse impostazioni del browser utilizzate per i cookie del browser. Per ulteriori informazioni su come eliminare i cookie Flash, leggi \"Dove posso modificare le impostazioni per disabilitare o eliminare gli oggetti condivisi locali?\" disponibile su https:\/\/helpx.adobe.com\/flash-player\/kb\/disable-local-shared-objects-flash.html#main_Where_can_I_change_the_settings_for_disabling__or_deleting_local_shared_objects_.<\/li>\n<li class=\" translation-block\">Web beacon. Alcune sezioni del nostro Servizio e delle nostre e-mail possono contenere piccoli file elettronici noti come web beacon (chiamati anche clear gif, pixel tag e gif a pixel singolo) che consentono alla Societ\u00e0, ad esempio, di contare gli utenti che hanno visitato quelle pagine o Loro aver aperto una mail e per altre statistiche relative al sito web (ad esempio, registrando la popolarit\u00e0 di una determinata sezione e verificando l'integrit\u00e0 del sistema e del server).<\/li>\n<\/ul>\n<p class=\" translation-block\">I cookie possono essere \"persistenti\" o \"di sessione\". I cookie persistenti rimangono sul tuo personal computer o dispositivo mobile quando ti disconnetti, mentre i cookie di sessione vengono eliminati non appena chiudi il browser web. Puoi ottenere maggiori informazioni sui cookie qui: Tutto sui cookie di TermsFeed<\/p>\n<p>Utilizziamo cookie sia di sessione che persistenti per i seguenti scopi:<\/p>\n<ul>\n<li>\n<p><strong>cookie necessari \/ essenziali<\/strong><\/p>\n<p>Tipo: cookie di sessione<\/p>\n<p>Gestito da: NosCotros<\/p>\n<p>Scopo: questi cookie sono essenziali per fornirti i servizi disponibili attraverso il sito web e per consentirti di utilizzare alcune delle sue funzioni. Aiutano ad autenticare gli utenti e a prevenire l'uso fraudolento degli account utente. Senza questi cookie, i servizi che hai richiesto non possono essere forniti e utilizziamo questi cookie solo per fornirti tali servizi.<\/p>\n<\/li>\n<li>\n<p><strong>Politica sui cookie \/ Avviso di accettazione dei cookie<\/strong><\/p>\n<p>Tipo: cookie persistenti<\/p>\n<p>Gestito da: NosCotros<\/p>\n<p>Purpose: These Cookies identify if users have accepted the use of cookies on the Website.<\/p>\n<\/li>\n<li>\n<p><strong>Cookie di funzionalit\u00e0<\/strong><\/p>\n<p>Tipo: cookie persistenti<\/p>\n<p>Gestito da: NosCotros<\/p>\n<p>Scopo: questi cookie ci consentono di ricordare le scelte che fai quando utilizzi il sito web, come ricordare i tuoi dati di accesso o la tua preferenza di lingua. Lo scopo di questi cookie \u00e8 di fornirti un'esperienza pi\u00f9 personale ed evitare di dover reinserire le tue preferenze ogni volta che utilizzi il sito web.<\/p>\n<\/li>\n<\/ul>\n<p>Per saperne di pi\u00f9 sui cookie che utilizziamo e sulle tue scelte in merito ai cookie, visita la nostra Cookie Policy o la sezione cookie della nostra Privacy Policy.<\/p>\n<h3>Utilizzo dei tuoi dati personali<\/h3>\n<p>L'azienda pu\u00f2 utilizzare i dati personali per le seguenti finalit\u00e0:<\/p>\n<ul>\n<li>\n<p class=\" translation-block\">Per fornire e mantenere il nostro Servizio, incluso il monitoraggio dell'utilizzo del nostro Servizio.<\/p>\n<\/li>\n<li>\n<p class=\" translation-block\">Per gestire il tuo account: per gestire la tua registrazione come utente del Servizio. I Dati Personali che fornisci possono darti accesso a diverse funzionalit\u00e0 del Servizio che sono a tua disposizione come utente registrato.<\/p>\n<\/li>\n<li>\n<p class=\" translation-block\">Per l'esecuzione di un contratto: lo sviluppo, l'adempimento e l'esecuzione del contratto di acquisto dei prodotti, articoli o servizi che hai acquisito o di qualsiasi altro contratto con Noi tramite il Servizio.<\/p>\n<\/li>\n<li>\n<p class=\" translation-block\">Per contattarti: per contattarti tramite e-mail, telefonate, SMS o altre forme equivalenti di comunicazione elettronica, come notifiche push da un'applicazione mobile su aggiornamenti o comunicazioni informative relative alle funzionalit\u00e0, ai prodotti o ai servizi contrattati, inclusi gli aggiornamenti di sicurezza, quando necessario o ragionevole per la tua implementazione.<\/p>\n<\/li>\n<li>\n<p class=\" translation-block\">Per fornirti notizie, offerte speciali e informazioni generali su altri beni, servizi ed eventi che offriamo e che sono simili a quelli che hai gi\u00e0 acquistato o richiesto, a meno che tu non abbia scelto di non ricevere tali informazioni.<\/p>\n<\/li>\n<li>\n<p class=\" translation-block\">Gestisci le tue richieste: per partecipare e gestire le tue richieste a Noi<\/p>\n<\/li>\n<li>\n<p class=\" translation-block\">Per i trasferimenti aziendali: potremmo utilizzare le tue informazioni per valutare o eseguire una fusione, cessione, ristrutturazione, riorganizzazione, scioglimento o altra vendita o trasferimento di alcune o tutte le nostre attivit\u00e0, sia come impresa in funzionamento che come parte di procedure fallimentari. liquidazione o simili, in cui i Dati personali che abbiamo sui nostri utenti del Servizio sono tra le risorse trasferite.<\/p>\n<\/li>\n<li>\n<p class=\" translation-block\">Per altri scopi: possiamo utilizzare le tue informazioni per altri scopi, come l'analisi dei dati, l'identificazione delle tendenze di utilizzo, la determinazione dell'efficacia delle nostre campagne promozionali e per valutare e migliorare il nostro Servizio, prodotti, servizi, marketing e la tua esperienza.<\/p>\n<\/li>\n<\/ul>\n<p>Potremmo condividere le tue informazioni personali nelle seguenti situazioni:<\/p>\n<ul>\n<li class=\" translation-block\">Con i fornitori di servizi: potremmo condividere le tue informazioni personali con i fornitori di servizi per monitorare e analizzare l'uso del nostro servizio, per contattarti.<\/li>\n<li class=\" translation-block\">Per i trasferimenti di affari: possiamo condividere o trasferire le tue informazioni personali in relazione o durante le negoziazioni di qualsiasi fusione, vendita di beni della Societ\u00e0, finanziamento o acquisizione di tutta o parte della Nostra attivit\u00e0 da un'altra societ\u00e0.<\/li>\n<li class=\" translation-block\">Con gli affiliati: potremmo condividere le tue informazioni con i nostri affiliati, nel qual caso richiederemo a tali affiliati di seguire questa informativa sulla privacy. Gli affiliati includono la nostra societ\u00e0 madre e qualsiasi altra sussidiaria, joint venture o altre societ\u00e0 che controlliamo o che sono sotto il nostro comune controllo.<\/li>\n<li class=\" translation-block\">Con partner commerciali: potremmo condividere le tue informazioni con i nostri partner commerciali per offrirti determinati prodotti, servizi o promozioni.<\/li>\n<li class=\" translation-block\">Con altri utenti: quando condividi informazioni personali o interagisci in altro modo in aree pubbliche con altri utenti, tali informazioni possono essere viste da tutti gli utenti e possono essere distribuite pubblicamente all'estero. Se interagisci con altri utenti o ti registri tramite un servizio di social media di terze parti, i tuoi contatti sul servizio di social media di terze parti saranno in grado di vedere il tuo nome, profilo, foto e descrizione della tua attivit\u00e0. Allo stesso modo, altri utenti potranno vedere le descrizioni delle tue attivit\u00e0, comunicare con te e visualizzare il tuo profilo.<\/li>\n<li class=\" translation-block\">computer situati al di fuori del tuo stato, provincia, paese o altra giurisdizione governativa in cui le leggi sulla protezione dei dati potrebbero essere diverse da quelle della tua giurisdizione.<\/li>\n<\/ul>\n<h3>Retention of Your Personal Data<\/h3>\n<p>The Company will retain Your Personal Data only for as long as is necessary for the purposes set out in this Privacy Policy. We will retain and use Your Personal Data to the extent necessary to comply with our legal obligations (for example, if we are required to retain your data to comply with applicable laws), resolve disputes, and enforce our legal agreements and policies.<\/p>\n<p>The Company will also retain Usage Data for internal analysis purposes. Usage Data is generally retained for a shorter period of time, except when this data is used to strengthen the security or to improve the functionality of Our Service, or We are legally obligated to retain this data for longer time periods.<\/p>\n<h3>Transfer of Your Personal Data<\/h3>\n<p>Your information, including Personal Data, is processed at the Company&#8217;s operating offices and in any other places where the parties involved in the processing are located. It means that this information may be transferred to \u2014 and maintained on \u2014 computers located outside of Your state, province, country or other governmental jurisdiction where the data protection laws may differ than those from Your jurisdiction.<\/p>\n<p>Il tuo consenso alla presente Informativa sulla privacy, seguito dall'invio di tali informazioni, rappresenta il tuo consenso a tale trasferimento.<\/p>\n<p>La Societ\u00e0 adotter\u00e0 tutte le misure ragionevolmente necessarie per garantire che i tuoi dati siano trattati in modo sicuro e in conformit\u00e0 con la presente Informativa sulla privacy e nessun trasferimento dei tuoi dati personali sar\u00e0 effettuato a un'organizzazione o paese a meno che non ci siano controlli adeguati che includano la sicurezza dei tuoi dati e altre informazioni personali.<\/p>\n<h3>Divulgazione dei dati personali<\/h3>\n<h4>Transazioni commerciali<\/h4>\n<p>Se la societ\u00e0 partecipa a una fusione, acquisizione o vendita di beni, i tuoi dati personali potrebbero essere trasferiti. Ti informeremo prima che i tuoi dati personali vengano trasferiti ed \u00e8 soggetto a una diversa politica sulla privacy.<\/p>\n<h4>Rispetto della legge<\/h4>\n<p>In determinate circostanze, la societ\u00e0 potrebbe essere costretta a divulgare i dati personali dell'utente se richiesto dalla legge o in risposta a richieste valide da parte delle autorit\u00e0 pubbliche (ad esempio, un tribunale o un'agenzia governativa).<\/p>\n<h4>Altri requisiti legali<\/h4>\n<p>L'azienda pu\u00f2 divulgare i tuoi dati personali se ritiene in buona fede che tale azione sia necessaria<\/p>\n<ul>\n<li>Rispettare un obbligo legale<\/li>\n<li>Proteggere e difendere i diritti o la propriet\u00e0 dell'azienda<\/li>\n<li>Prevenire o indagare su possibili infrazioni in relazione al Servizio<\/li>\n<li>Proteggere la sicurezza personale degli utenti del Servizio o del pubblico<\/li>\n<li>Proteggere dalla responsabilit\u00e0 legale<\/li>\n<\/ul>\n<h3>Sicurezza dei tuoi dati personali<\/h3>\n<p>La sicurezza dei tuoi dati personali \u00e8 importante per noi, ma ricorda che nessun metodo di trasmissione su Internet o archiviazione elettronica \u00e8 sicuro al 100%. Sebbene ci sforziamo di utilizzare mezzi commercialmente accettabili per proteggere i tuoi dati personali, non possiamo garantirne l'assoluta sicurezza.<\/p>\n<h2>Collegamenti ad altri siti web<\/h2>\n<p>Il nostro servizio pu\u00f2 contenere collegamenti ad altri siti Web che non sono gestiti da noi. Se fai clic su un collegamento di terze parti, verrai indirizzato al sito di quella terza parte. Ti consigliamo vivamente di rivedere l'informativa sulla privacy di ogni sito che visiti.<\/p>\n<p>Non abbiamo alcun controllo n\u00e9 ci assumiamo alcuna responsabilit\u00e0 per il contenuto, le politiche sulla privacy o le pratiche di siti o servizi di terze parti.<\/p>\n<h2>Modifiche alla privacy policy<\/h2>\n<p>Potremmo aggiornare la nostra politica sulla privacy di volta in volta. Ti informeremo di eventuali modifiche pubblicando la nuova Informativa sulla privacy in questa pagina.<\/p>\n<p>Ti informeremo via e-mail e \/ o tramite un avviso ben visibile sul nostro Servizio, prima che la modifica abbia effetto e aggiorneremo la data \"Ultimo aggiornamento\" nella parte superiore della presente Informativa sulla privacy.<\/p>\n<p>Si consiglia di rivedere periodicamente questa Informativa sulla privacy per eventuali modifiche. Le modifiche alla presente Informativa sulla privacy sono effettive quando vengono pubblicate su questa pagina.<\/p>\n<h2>Contatto con l'azienda<\/h2>\n<p>In caso di domande sulla presente Informativa sulla privacy, \u00e8 possibile contattarci<\/p>\n<ul>\n<li>Tramite e-mail: office@travel2study.eu<\/li>\n<\/ul>\t\t\t\t\t\t\t\t<\/div>\n\t\t\t\t<\/div>\n\t\t\t\t\t<\/div>\n\t\t<\/div>\n\t\t\t\t\t<\/div>\n\t\t<\/section>\n\t\t\t\t<\/div>","protected":false},"excerpt":{"rendered":"<p>Privacy Policy FAQ Privacy Policy Interpretation and Definitions Interpretation The words of which the initial letter is capitalized have meanings defined under the following conditions. The following definitions shall have the same meaning regardless of whether they appear in singular or in plural. Definitions For the purposes of this Privacy Policy: Account\u00a0means a unique account [&hellip;]<\/p>","protected":false},"author":1,"featured_media":0,"parent":0,"menu_order":0,"comment_status":"closed","ping_status":"open","template":"elementor_header_footer","meta":{"footnotes":""},"class_list":["post-3","page","type-page","status-publish","hentry"],"_links":{"self":[{"href":"https:\/\/travel2study.eu\/it\/wp-json\/wp\/v2\/pages\/3","targetHints":{"allow":["GET"]}}],"collection":[{"href":"https:\/\/travel2study.eu\/it\/wp-json\/wp\/v2\/pages"}],"about":[{"href":"https:\/\/travel2study.eu\/it\/wp-json\/wp\/v2\/types\/page"}],"author":[{"embeddable":true,"href":"https:\/\/travel2study.eu\/it\/wp-json\/wp\/v2\/users\/1"}],"replies":[{"embeddable":true,"href":"https:\/\/travel2study.eu\/it\/wp-json\/wp\/v2\/comments?post=3"}],"version-history":[{"count":33,"href":"https:\/\/travel2study.eu\/it\/wp-json\/wp\/v2\/pages\/3\/revisions"}],"predecessor-version":[{"id":3687,"href":"https:\/\/travel2study.eu\/it\/wp-json\/wp\/v2\/pages\/3\/revisions\/3687"}],"wp:attachment":[{"href":"https:\/\/travel2study.eu\/it\/wp-json\/wp\/v2\/media?parent=3"}],"curies":[{"name":"wp","href":"https:\/\/api.w.org\/{rel}","templated":true}]}}