{"id":3,"date":"2020-09-15T13:25:05","date_gmt":"2020-09-15T13:25:05","guid":{"rendered":"https:\/\/travel2study.eu\/?page_id=3"},"modified":"2020-12-15T14:12:26","modified_gmt":"2020-12-15T14:12:26","slug":"privacy-policy","status":"publish","type":"page","link":"https:\/\/travel2study.eu\/es\/privacy-policy\/","title":{"rendered":"Pol\u00edtica de privacidad"},"content":{"rendered":"<div data-elementor-type=\"wp-page\" data-elementor-id=\"3\" class=\"elementor elementor-3\" data-elementor-post-type=\"page\">\n\t\t\t\t\t\t<section class=\"elementor-section elementor-top-section elementor-element elementor-element-e903ae4 elementor-section-boxed elementor-section-height-default elementor-section-height-default\" data-id=\"e903ae4\" data-element_type=\"section\" data-settings=\"{&quot;jet_parallax_layout_list&quot;:[{&quot;jet_parallax_layout_image&quot;:{&quot;url&quot;:&quot;&quot;,&quot;id&quot;:&quot;&quot;,&quot;size&quot;:&quot;&quot;},&quot;_id&quot;:&quot;9a73b11&quot;,&quot;jet_parallax_layout_image_tablet&quot;:{&quot;url&quot;:&quot;&quot;,&quot;id&quot;:&quot;&quot;,&quot;size&quot;:&quot;&quot;},&quot;jet_parallax_layout_image_mobile&quot;:{&quot;url&quot;:&quot;&quot;,&quot;id&quot;:&quot;&quot;,&quot;size&quot;:&quot;&quot;},&quot;jet_parallax_layout_speed&quot;:{&quot;unit&quot;:&quot;%&quot;,&quot;size&quot;:50,&quot;sizes&quot;:[]},&quot;jet_parallax_layout_type&quot;:&quot;scroll&quot;,&quot;jet_parallax_layout_direction&quot;:&quot;1&quot;,&quot;jet_parallax_layout_fx_direction&quot;:null,&quot;jet_parallax_layout_z_index&quot;:&quot;&quot;,&quot;jet_parallax_layout_bg_x&quot;:50,&quot;jet_parallax_layout_bg_x_tablet&quot;:&quot;&quot;,&quot;jet_parallax_layout_bg_x_mobile&quot;:&quot;&quot;,&quot;jet_parallax_layout_bg_y&quot;:50,&quot;jet_parallax_layout_bg_y_tablet&quot;:&quot;&quot;,&quot;jet_parallax_layout_bg_y_mobile&quot;:&quot;&quot;,&quot;jet_parallax_layout_bg_size&quot;:&quot;auto&quot;,&quot;jet_parallax_layout_bg_size_tablet&quot;:&quot;&quot;,&quot;jet_parallax_layout_bg_size_mobile&quot;:&quot;&quot;,&quot;jet_parallax_layout_animation_prop&quot;:&quot;transform&quot;,&quot;jet_parallax_layout_on&quot;:[&quot;desktop&quot;,&quot;tablet&quot;]}]}\">\n\t\t\t\t\t\t<div class=\"elementor-container elementor-column-gap-default\">\n\t\t\t\t\t<div class=\"elementor-column elementor-col-50 elementor-top-column elementor-element elementor-element-9f1812b\" data-id=\"9f1812b\" data-element_type=\"column\">\n\t\t\t<div class=\"elementor-widget-wrap elementor-element-populated\">\n\t\t\t\t\t\t<div class=\"elementor-element elementor-element-abf7bfd elementor-hidden-phone elementor-invisible elementor-widget elementor-widget-jet-custom-menu\" data-id=\"abf7bfd\" data-element_type=\"widget\" data-settings=\"{&quot;sticky&quot;:&quot;top&quot;,&quot;sticky_on&quot;:[&quot;desktop&quot;,&quot;tablet&quot;],&quot;sticky_offset&quot;:130,&quot;sticky_effects_offset&quot;:130,&quot;sticky_parent&quot;:&quot;yes&quot;,&quot;_animation&quot;:&quot;fadeInDown&quot;,&quot;sticky_anchor_link_offset&quot;:0}\" data-widget_type=\"jet-custom-menu.default\">\n\t\t\t\t<div class=\"elementor-widget-container\">\n\t\t\t\t\t<div class=\"menu-info-container\"><div class=\"jet-custom-nav jet-custom-nav--dropdown-right-side jet-custom-nav--animation-fade\" data-trigger=\"hover\"><div class=\"menu-item menu-item-type-post_type menu-item-object-page menu-item-privacy-policy jet-custom-nav__item jet-custom-nav__item-3671\"><a href=\"https:\/\/travel2study.eu\/es\/privacy-policy\/\" class=\"jet-custom-nav__item-link\"><span class=\"jet-menu-link-text\"><span class=\"jet-custom-item-label top-level-label\">Pol\u00edtica de privacidad<\/span><\/span><\/a><\/div>\n<div class=\"menu-item menu-item-type-post_type menu-item-object-page jet-custom-nav__item jet-custom-nav__item-3672\"><a href=\"https:\/\/travel2study.eu\/es\/faq\/\" class=\"jet-custom-nav__item-link\"><span class=\"jet-menu-link-text\"><span class=\"jet-custom-item-label top-level-label\">FAQ<\/span><\/span><\/a><\/div>\n<\/div><\/div>\t\t\t\t<\/div>\n\t\t\t\t<\/div>\n\t\t\t\t\t<\/div>\n\t\t<\/div>\n\t\t\t\t<div class=\"elementor-column elementor-col-50 elementor-top-column elementor-element elementor-element-7b72e4f\" data-id=\"7b72e4f\" data-element_type=\"column\">\n\t\t\t<div class=\"elementor-widget-wrap elementor-element-populated\">\n\t\t\t\t\t\t<div class=\"elementor-element elementor-element-b870a7d elementor-widget elementor-widget-heading\" data-id=\"b870a7d\" data-element_type=\"widget\" data-widget_type=\"heading.default\">\n\t\t\t\t<div class=\"elementor-widget-container\">\n\t\t\t\t\t<h2 class=\"elementor-heading-title elementor-size-default\">Pol\u00edtica de privacidad\n<\/h2>\t\t\t\t<\/div>\n\t\t\t\t<\/div>\n\t\t\t\t<div class=\"elementor-element elementor-element-c2dbac0 elementor-widget-divider--view-line elementor-widget elementor-widget-divider\" data-id=\"c2dbac0\" data-element_type=\"widget\" data-widget_type=\"divider.default\">\n\t\t\t\t<div class=\"elementor-widget-container\">\n\t\t\t\t\t\t\t<div class=\"elementor-divider\">\n\t\t\t<span class=\"elementor-divider-separator\">\n\t\t\t\t\t\t<\/span>\n\t\t<\/div>\n\t\t\t\t\t\t<\/div>\n\t\t\t\t<\/div>\n\t\t\t\t<div class=\"elementor-element elementor-element-015b52f elementor-widget elementor-widget-text-editor\" data-id=\"015b52f\" data-element_type=\"widget\" data-widget_type=\"text-editor.default\">\n\t\t\t\t<div class=\"elementor-widget-container\">\n\t\t\t\t\t\t\t\t\t<h2>Interpretaci\u00f3n y definiciones<\/h2>\n<h3>Interpretaci\u00f3n<\/h3>\n<p>Las palabras cuya letra inicial aparece en may\u00fascula tienen el significado que se define a continuaci\u00f3n. Las siguientes definiciones tendr\u00e1n el mismo significado independientemente de que aparezcan en singular o en plural.<\/p>\n<h3>Definiciones<\/h3>\n<p>A los efectos de esta Pol\u00edtica de Privacidad<\/p>\n<ul>\n<li>\n<p class=\" translation-block\">Cuenta significa una cuenta \u00fanica creada para que puedas acceder a nuestro Servicio o a partes de nuestro Servicio.<\/p>\n<\/li>\n<li>\n<p class=\" translation-block\">Empresa (referida como \"la Empresa\", \"Nosotros\", \"Nos\" o \"Nuestro\" en este Acuerdo) se refiere a Travel 2 Study, Via Augusta 135, Barcelona.<\/p>\n<\/li>\n<li>\n<p class=\" translation-block\">El pa\u00eds se refiere a: Espa\u00f1a<\/p>\n<\/li>\n<li>\n<p class=\" translation-block\"><strong>Country<\/strong>&nbsp;refers to: Spain<\/p>\n<\/li>\n<li>\n<p class=\" translation-block\">Datos personales es cualquier informaci\u00f3n relacionada con un individuo identificado o identificable.<\/p>\n<\/li>\n<li>\n<p class=\" translation-block\"><strong>Personal Data<\/strong>&nbsp;is any information that relates to an identified or identifiable individual.<\/p>\n<\/li>\n<li>\n<p class=\" translation-block\">Proveedor de Servicios se refiere a cualquier persona f\u00edsica o jur\u00eddica que procesa los datos en nombre de la Compa\u00f1\u00eda. Se refiere a las empresas o individuos de terceros contratados por la Empresa para facilitar el Servicio, para prestar el Servicio en nombre de la Empresa, para realizar servicios relacionados con el Servicio o para ayudar a la Empresa a analizar c\u00f3mo se utiliza el Servicio.<\/p>\n<\/li>\n<li>\n<p class=\" translation-block\"><strong>Service Provider<\/strong>&nbsp;means any natural or legal person who processes the data on behalf of the Company. It refers to third-party companies or individuals employed by the Company to facilitate the Service, to provide the Service on behalf of the Company, to perform services related to the Service or to assist the Company in analyzing how the Service is used.<\/p>\n<\/li>\n<li>\n<p class=\" translation-block\">Datos de uso se refiere a los datos recogidos autom\u00e1ticamente, generados por el uso del Servicio o de la propia infraestructura del Servicio (por ejemplo, la duraci\u00f3n de la visita a una p\u00e1gina).<\/p>\n<\/li>\n<li>\n<p class=\" translation-block\"><strong>Usage Data<\/strong>&nbsp;refers to data collected automatically, either generated by the use of the Service or from the Service infrastructure itself (for example, the duration of a page visit).<\/p>\n<\/li>\n<li>\n<p class=\" translation-block\">Sitio web se refiere a Travel 2 Study, accesible desde https:\/\/travel2study.eu\/<\/p>\n<\/li>\n<li>\n<p class=\" translation-block\"><strong>You<\/strong>&nbsp;means the individual accessing or using the Service, or the company, or other legal entity on behalf of which such individual is accessing or using the Service, as applicable.<\/p>\n<\/li>\n<\/ul>\n<h2>Recogida y uso de tus datos personales<\/h2>\n<h3>Tipos de datos recogidos<\/h3>\n<h4>Datos personales<\/h4>\n<p>Al utilizar nuestro Servicio, es posible que te pidamos que nos proporciones cierta informaci\u00f3n de identificaci\u00f3n personal que pueda utilizarse para contactar contigo o identificarte. La informaci\u00f3n personal identificable puede incluir, pero no est\u00e1 limitada a:<\/p>\n<ul>\n<li>\n<p>Direcci\u00f3n de correo electr\u00f3nico<\/p>\n<\/li>\n<li>\n<p>Nombre y apellidos<\/p>\n<\/li>\n<li>\n<p>N\u00famero de tel\u00e9fono<\/p>\n<\/li>\n<li>\n<p>Direcci\u00f3n, Estado, Provincia, C\u00f3digo postal, Ciudad<\/p>\n<\/li>\n<li>\n<p>Datos de uso<\/p>\n<\/li>\n<\/ul>\n<h4>Datos de uso<\/h4>\n<p>Los Datos de Uso se recogen autom\u00e1ticamente al utilizar el Servicio.<\/p>\n<p>Los datos de uso pueden incluir informaci\u00f3n como la direcci\u00f3n de protocolo de Internet de tu dispositivo (por ejemplo, la direcci\u00f3n IP), el tipo de navegador, la versi\u00f3n del navegador, las p\u00e1ginas de nuestro Servicio que visitas, la hora y la fecha de tu visita, el tiempo que pasas en esas p\u00e1ginas, los identificadores \u00fanicos del dispositivo y otros datos de diagn\u00f3stico.<\/p>\n<p>Cuando accedes al Servicio por o a trav\u00e9s de un dispositivo m\u00f3vil, podemos recopilar cierta informaci\u00f3n autom\u00e1ticamente, incluyendo, pero sin limitarse a, el tipo de dispositivo m\u00f3vil que utilizas, el identificador \u00fanico de tu dispositivo m\u00f3vil, la direcci\u00f3n IP de tu dispositivo m\u00f3vil, tu sistema operativo m\u00f3vil, el tipo de navegador de Internet m\u00f3vil que utilizas, los identificadores \u00fanicos del dispositivo y otros datos de diagn\u00f3stico.<\/p>\n<p>Tambi\u00e9n podemos recopilar la informaci\u00f3n que tu navegador env\u00eda cada vez que visitas nuestro Servicio o cuando accedes al Servicio por o a trav\u00e9s de un dispositivo m\u00f3vil.<\/p>\n<h4>Tecnolog\u00edas de seguimiento y cookies<\/h4>\n<p>Utilizamos cookies y tecnolog\u00edas de seguimiento similares para rastrear la actividad en nuestro Servicio y almacenar cierta informaci\u00f3n. Las tecnolog\u00edas de seguimiento utilizadas son balizas, etiquetas y scripts para recopilar y rastrear informaci\u00f3n y para mejorar y analizar nuestro Servicio. Las tecnolog\u00edas que utilizamos pueden incluir:<\/p>\n<ul>\n<li class=\" translation-block\">Cookies o Cookies del Navegador. Una cookie es un peque\u00f1o archivo colocado en tu dispositivo. Puedes indicar a tu navegador que rechace todas las cookies o que indique cu\u00e1ndo se env\u00eda una cookie. Sin embargo, si no aceptas las Cookies, es posible que no puedas utilizar algunas partes de nuestro Servicio. A menos que hayas ajustado la configuraci\u00f3n de tu navegador para que rechace las Cookies, nuestro Servicio puede utilizar Cookies.<\/li>\n<li class=\" translation-block\">Cookies de Flash. Algunas funciones de nuestro Servicio pueden utilizar objetos locales almacenados (o Flash Cookies) para recoger y almacenar informaci\u00f3n sobre tus preferencias o tu actividad en nuestro Servicio. Las Flash Cookies no se gestionan con los mismos ajustes del navegador que los utilizados para las Cookies del navegador. Para obtener m\u00e1s informaci\u00f3n sobre c\u00f3mo puede eliminar las Flash Cookies, lee \"\u00bfD\u00f3nde puedo cambiar la configuraci\u00f3n para desactivar o eliminar los objetos locales compartidos?\" disponible en https:\/\/helpx.adobe.com\/flash-player\/kb\/disable-local-shared-objects-flash.html#main_Where_can_I_change_the_settings_for_disabling__or_deleting_local_shared_objects_.<\/li>\n<li class=\" translation-block\">Balizas web. Ciertas secciones de nuestro Servicio y nuestros correos electr\u00f3nicos pueden contener peque\u00f1os archivos electr\u00f3nicos conocidos como web beacons (tambi\u00e9n denominados clear gifs, pixel tags y single-pixel gifs) que permiten a la Compa\u00f1\u00eda, por ejemplo, contar los usuarios que han visitado esas p\u00e1ginas o han abierto un correo electr\u00f3nico y para otras estad\u00edsticas relacionadas con el sitio web (por ejemplo, registrar la popularidad de una determinada secci\u00f3n y verificar la integridad del sistema y del servidor).<\/li>\n<\/ul>\n<p class=\" translation-block\">Las cookies pueden ser \"persistentes\" o de \"sesi\u00f3n\". Las Cookies persistentes permanecen en tu ordenador personal o dispositivo m\u00f3vil cuando se desconecta, mientras que las Cookies de sesi\u00f3n se eliminan en cuanto cierras tu navegador web. Puedes obtener m\u00e1s informaci\u00f3n sobre las cookies aqu\u00ed: Todo sobre las cookies por TermsFeed.<\/p>\n<p>Utilizamos tanto las cookies de sesi\u00f3n como las persistentes para los fines que se indican a continuaci\u00f3n:<\/p>\n<ul>\n<li>\n<p><strong>Cookies necesarias\/esenciales<\/strong><\/p>\n<p>Tipo: Cookies de sesi\u00f3n<\/p>\n<p>Administradas por: Nosotros<\/p>\n<p>Finalidad: Estas cookies son esenciales para proporcionarte los servicios disponibles a trav\u00e9s del sitio web y permitirte utilizar algunas de tus funciones. Ayudan a autenticar a los usuarios y a evitar el uso fraudulento de las cuentas de usuario. Sin estas Cookies, los servicios que has solicitado no pueden ser proporcionados, y s\u00f3lo utilizamos estas Cookies para proporcionarte dichos servicios.<\/p>\n<\/li>\n<li>\n<p><strong>Pol\u00edtica de Cookies \/ Aviso Aceptaci\u00f3n de Cookies<\/strong><\/p>\n<p>Tipo: Cookies persistentes<\/p>\n<p>Administradas por: Nosotros<\/p>\n<p>Finalidad: Estas Cookies identifican si los usuarios han aceptado el uso de cookies en el Sitio Web.<\/p>\n<\/li>\n<li>\n<p><strong>Cookies de Funcionalidad<\/strong><\/p>\n<p>Tipo: Cookies persistentes<\/p>\n<p>Administradas por: Nosotros<\/p>\n<p>Prop\u00f3sito: Estas cookies nos permiten recordar las opciones que haces cuando utilizas el sitio web, como recordar tus datos de acceso o tu preferencia de idioma. El objetivo de estas cookies es proporcionarte una experiencia m\u00e1s personal y evitar que tengas que volver a introducir tus preferencias cada vez que utilice el sitio web.<\/p>\n<\/li>\n<\/ul>\n<p>Para obtener m\u00e1s informaci\u00f3n sobre las cookies que utilizamos y tus opciones en relaci\u00f3n con las cookies, visita nuestra Pol\u00edtica de cookies o la secci\u00f3n de cookies de nuestra Pol\u00edtica de privacidad.<\/p>\n<h3>Uso de tus datos personales<\/h3>\n<p>La empresa puede utilizar los datos personales para los siguientes fines:<\/p>\n<ul>\n<li>\n<p class=\" translation-block\">Para proporcionar y mantener nuestro Servicio, incluyendo la supervisi\u00f3n del uso de nuestro Servicio.<\/p>\n<\/li>\n<li>\n<p class=\" translation-block\">Para la ejecuci\u00f3n de un contrato: el desarrollo, cumplimiento y realizaci\u00f3n del contrato de compra de los productos, art\u00edculos o servicios que hayas adquirido o de cualquier otro contrato con Nosotros a trav\u00e9s del Servicio.<\/p>\n<\/li>\n<li>\n<p class=\" translation-block\"><strong>For the performance of a contract:<\/strong>&nbsp;the development, compliance and undertaking of the purchase contract for the products, items or services You have purchased or of any other contract with Us through the Service.<\/p>\n<\/li>\n<li>\n<p class=\" translation-block\">Para contactar contigo : Para ponernos en contacto contigo por correo electr\u00f3nico, llamadas telef\u00f3nicas, SMS, u otras formas equivalentes de comunicaci\u00f3n electr\u00f3nica, como las notificaciones push de una aplicaci\u00f3n m\u00f3vil sobre actualizaciones o comunicaciones informativas relacionadas con las funcionalidades, productos o servicios contratados, incluyendo las actualizaciones de seguridad, cuando sea necesario o razonable para tu puesta en marcha.<\/p>\n<\/li>\n<li>\n<p class=\" translation-block\">Para proporcionarle noticias, ofertas especiales e informaci\u00f3n general sobre otros bienes, servicios y eventos que ofrecemos y que son similares a los que ya has comprado o sobre los que has preguntado, a menos que hayas optado por no recibir dicha informaci\u00f3n.<\/p>\n<\/li>\n<li>\n<p class=\" translation-block\">Gestionar tus solicitudes: Para atender y gestionar tus solicitudes a Nosotros.<\/p>\n<\/li>\n<li>\n<p class=\" translation-block\">Para otros fines: Podemos utilizar tu informaci\u00f3n para otros fines, como el an\u00e1lisis de datos, la identificaci\u00f3n de tendencias de uso, la determinaci\u00f3n de la eficacia de nuestras campa\u00f1as promocionales y para evaluar y mejorar nuestro Servicio, productos, servicios, marketing y tu experiencia.<\/p>\n<\/li>\n<li>\n<p class=\" translation-block\"><strong>For other purposes<\/strong>: We may use Your information for other purposes, such as data analysis, identifying usage trends, determining the effectiveness of our promotional campaigns and to evaluate and improve our Service, products, services, marketing and your experience.<\/p>\n<\/li>\n<\/ul>\n<p>Podemos compartir tu informaci\u00f3n personal en las siguientes situaciones:<\/p>\n<ul>\n<li class=\" translation-block\">Para transferencias comerciales: Podemos compartir o transferir tu informaci\u00f3n personal en relaci\u00f3n con, o durante las negociaciones de, cualquier fusi\u00f3n, venta de activos de la Compa\u00f1\u00eda, financiaci\u00f3n o adquisici\u00f3n de todo o parte de Nuestro negocio a otra compa\u00f1\u00eda.<\/li>\n<li class=\" translation-block\"><strong>For business transfers:<\/strong>&nbsp;We may share or transfer Your personal information in connection with, or during negotiations of, any merger, sale of Company assets, financing, or acquisition of all or a portion of Our business to another company.<\/li>\n<li class=\" translation-block\">Con las filiales: Podemos compartir tu informaci\u00f3n con nuestras filiales, en cuyo caso exigiremos a dichas filiales que respeten esta pol\u00edtica de privacidad. Las filiales incluyen nuestra empresa matriz y cualquier otra subsidiaria, empresa conjunta u otras empresas que controlamos o que est\u00e1n bajo control com\u00fan con nosotros.<\/li>\n<li class=\" translation-block\">Con socios comerciales: Podemos compartir tu informaci\u00f3n con Nuestros socios comerciales para ofrecerle determinados productos, servicios o promociones.<\/li>\n<li class=\" translation-block\">Con otros usuarios: cuando compartas informaci\u00f3n personal o interact\u00faa de otro modo en las \u00e1reas p\u00fablicas con otros usuarios, dicha informaci\u00f3n puede ser vista por todos los usuarios y puede ser distribuida p\u00fablicamente en el exterior. Si interact\u00faas con otros usuarios o se registra a trav\u00e9s de un Servicio de Medios Sociales de Terceros, tus contactos en el Servicio de Medios Sociales de Terceros podr\u00e1n ver tu nombre, perfil, fotos y descripci\u00f3n de tu actividad. Del mismo modo, otros usuarios podr\u00e1n ver las descripciones de tu actividad, comunicarse contigo y ver tu perfil.<\/li>\n<li class=\" translation-block\">Con tu consentimiento: Podemos revelar tus datos personales para cualquier otro prop\u00f3sito con tu consentimiento.<\/li>\n<\/ul>\n<h3>Conservaci\u00f3n de tus datos personales<\/h3>\n<p>La empresa conservar\u00e1 tus datos personales s\u00f3lo durante el tiempo necesario para los fines establecidos en esta pol\u00edtica de privacidad. Conservaremos y utilizaremos tus Datos Personales en la medida necesaria para cumplir con nuestras obligaciones legales (por ejemplo, si estamos obligados a conservar tus datos para cumplir con las leyes aplicables), resolver disputas y hacer cumplir nuestros acuerdos y pol\u00edticas legales.<\/p>\n<p>La empresa tambi\u00e9n conservar\u00e1 los datos de uso para fines de an\u00e1lisis interno. Por lo general, los Datos de Uso se conservan durante un per\u00edodo de tiempo m\u00e1s corto, excepto cuando estos datos se utilizan para reforzar la seguridad o mejorar la funcionalidad de Nuestro Servicio, o cuando estamos legalmente obligados a conservar estos datos durante per\u00edodos de tiempo m\u00e1s largos.<\/p>\n<h3>Transferencia de tus datos personales<\/h3>\n<p>Tu informaci\u00f3n, incluyendo los Datos Personales, se procesa en las oficinas operativas de la Compa\u00f1\u00eda y en cualquier otro lugar donde se encuentren las partes involucradas en el procesamiento. Esto significa que esta informaci\u00f3n puede ser transferida y mantenida en ordenadores situados fuera de tu estado, provincia, pa\u00eds u otra jurisdicci\u00f3n gubernamental donde las leyes de protecci\u00f3n de datos pueden ser diferentes a las de tu jurisdicci\u00f3n.<\/p>\n<p>Tu consentimiento a esta Pol\u00edtica de Privacidad, seguido de tu env\u00edo de dicha informaci\u00f3n, representa tu acuerdo con dicha transferencia.<\/p>\n<p>La Empresa tomar\u00e1 todas las medidas razonablemente necesarias para garantizar que tus datos sean tratados de forma segura y de acuerdo con esta Pol\u00edtica de Privacidad y no se realizar\u00e1 ninguna transferencia de tus datos personales a una organizaci\u00f3n o pa\u00eds a menos que existan controles adecuados que incluyan la seguridad de tus datos y otra informaci\u00f3n personal.<\/p>\n<h3>Divulgaci\u00f3n de tus datos personales<\/h3>\n<h4>Transacciones comerciales<\/h4>\n<p>Si la empresa participa en una fusi\u00f3n, adquisici\u00f3n o venta de activos, tus datos personales pueden ser transferidos. Le avisaremos antes de que tus datos personales sean transferidos y queden sujetos a una pol\u00edtica de privacidad diferente.<\/p>\n<h4>Cumplimiento de la ley<\/h4>\n<p>En determinadas circunstancias, la empresa puede verse obligada a revelar tus datos personales si as\u00ed lo exige la ley o en respuesta a solicitudes v\u00e1lidas de las autoridades p\u00fablicas (por ejemplo, un tribunal o una agencia gubernamental).<\/p>\n<h4>Otros requisitos legales<\/h4>\n<p>La empresa puede revelar tus datos personales si cree de buena fe que dicha acci\u00f3n es necesaria para<\/p>\n<ul>\n<li>Cumplir con una obligaci\u00f3n legal<\/li>\n<li>Proteger y defender los derechos o la propiedad de la empresa<\/li>\n<li>Prevenir o investigar posibles infracciones en relaci\u00f3n con el Servicio<\/li>\n<li>Proteger la seguridad personal de los usuarios del Servicio o del p\u00fablico<\/li>\n<li>Proteger contra la responsabilidad legal<\/li>\n<\/ul>\n<h3>Proteger contra la responsabilidad legal<\/h3>\n<p>La seguridad de tus datos personales es importante para nosotros, pero recuerde que ning\u00fan m\u00e9todo de transmisi\u00f3n por Internet o de almacenamiento electr\u00f3nico es 100% seguro. Aunque nos esforzamos por utilizar medios comercialmente aceptables para proteger tus datos personales, no podemos garantizar tu seguridad absoluta.<\/p>\n<h2>Enlaces a otros sitios web<\/h2>\n<p>Nuestro Servicio puede contener enlaces a otros sitios web que no son operados por nosotros. Si hace clic en un enlace de un tercero, ser\u00e1 dirigido al sitio de ese tercero. Le recomendamos encarecidamente que revise la pol\u00edtica de privacidad de cada sitio que visite.<\/p>\n<p>No tenemos ning\u00fan control ni asumimos ninguna responsabilidad por el contenido, las pol\u00edticas de privacidad o las pr\u00e1cticas de los sitios o servicios de terceros.<\/p>\n<h2>Cambios en la pol\u00edtica de privacidad<\/h2>\n<p>Podemos actualizar nuestra pol\u00edtica de privacidad de vez en cuando. Le notificaremos cualquier cambio publicando la nueva Pol\u00edtica de Privacidad en esta p\u00e1gina.<\/p>\n<p>Se lo comunicaremos por correo electr\u00f3nico y\/o mediante un aviso destacado en nuestro Servicio, antes de que el cambio entre en vigor y actualicemos la fecha de \"\u00daltima actualizaci\u00f3n\" en la parte superior de esta Pol\u00edtica de Privacidad.<\/p>\n<p>Se le aconseja que revise esta Pol\u00edtica de Privacidad peri\u00f3dicamente para ver si hay cambios. Los cambios en esta Pol\u00edtica de Privacidad son efectivos cuando se publican en esta p\u00e1gina.<\/p>\n<h2>Contacto con la empresa<\/h2>\n<p>Si tiene alguna pregunta sobre esta Pol\u00edtica de Privacidad, puede ponerse en contacto con nosotros<\/p>\n<ul>\n<li>Por correo electr\u00f3nico: office@travel2study.eu<\/li>\n<\/ul>\t\t\t\t\t\t\t\t<\/div>\n\t\t\t\t<\/div>\n\t\t\t\t\t<\/div>\n\t\t<\/div>\n\t\t\t\t\t<\/div>\n\t\t<\/section>\n\t\t\t\t<\/div>","protected":false},"excerpt":{"rendered":"<p>Privacy Policy FAQ Privacy Policy Interpretation and Definitions Interpretation The words of which the initial letter is capitalized have meanings defined under the following conditions. The following definitions shall have the same meaning regardless of whether they appear in singular or in plural. Definitions For the purposes of this Privacy Policy: Account\u00a0means a unique account [&hellip;]<\/p>","protected":false},"author":1,"featured_media":0,"parent":0,"menu_order":0,"comment_status":"closed","ping_status":"open","template":"elementor_header_footer","meta":{"footnotes":""},"class_list":["post-3","page","type-page","status-publish","hentry"],"_links":{"self":[{"href":"https:\/\/travel2study.eu\/es\/wp-json\/wp\/v2\/pages\/3","targetHints":{"allow":["GET"]}}],"collection":[{"href":"https:\/\/travel2study.eu\/es\/wp-json\/wp\/v2\/pages"}],"about":[{"href":"https:\/\/travel2study.eu\/es\/wp-json\/wp\/v2\/types\/page"}],"author":[{"embeddable":true,"href":"https:\/\/travel2study.eu\/es\/wp-json\/wp\/v2\/users\/1"}],"replies":[{"embeddable":true,"href":"https:\/\/travel2study.eu\/es\/wp-json\/wp\/v2\/comments?post=3"}],"version-history":[{"count":33,"href":"https:\/\/travel2study.eu\/es\/wp-json\/wp\/v2\/pages\/3\/revisions"}],"predecessor-version":[{"id":3687,"href":"https:\/\/travel2study.eu\/es\/wp-json\/wp\/v2\/pages\/3\/revisions\/3687"}],"wp:attachment":[{"href":"https:\/\/travel2study.eu\/es\/wp-json\/wp\/v2\/media?parent=3"}],"curies":[{"name":"wp","href":"https:\/\/api.w.org\/{rel}","templated":true}]}}