{"id":3,"date":"2020-09-15T13:25:05","date_gmt":"2020-09-15T13:25:05","guid":{"rendered":"https:\/\/travel2study.eu\/?page_id=3"},"modified":"2020-12-15T14:12:26","modified_gmt":"2020-12-15T14:12:26","slug":"privacy-policy","status":"publish","type":"page","link":"https:\/\/travel2study.eu\/ca\/privacy-policy\/","title":{"rendered":"Pol\u00edtica de privacitat"},"content":{"rendered":"<div data-elementor-type=\"wp-page\" data-elementor-id=\"3\" class=\"elementor elementor-3\" data-elementor-post-type=\"page\">\n\t\t\t\t\t\t<section class=\"elementor-section elementor-top-section elementor-element elementor-element-e903ae4 elementor-section-boxed elementor-section-height-default elementor-section-height-default\" data-id=\"e903ae4\" data-element_type=\"section\" data-settings=\"{&quot;jet_parallax_layout_list&quot;:[{&quot;jet_parallax_layout_image&quot;:{&quot;url&quot;:&quot;&quot;,&quot;id&quot;:&quot;&quot;,&quot;size&quot;:&quot;&quot;},&quot;_id&quot;:&quot;9a73b11&quot;,&quot;jet_parallax_layout_image_tablet&quot;:{&quot;url&quot;:&quot;&quot;,&quot;id&quot;:&quot;&quot;,&quot;size&quot;:&quot;&quot;},&quot;jet_parallax_layout_image_mobile&quot;:{&quot;url&quot;:&quot;&quot;,&quot;id&quot;:&quot;&quot;,&quot;size&quot;:&quot;&quot;},&quot;jet_parallax_layout_speed&quot;:{&quot;unit&quot;:&quot;%&quot;,&quot;size&quot;:50,&quot;sizes&quot;:[]},&quot;jet_parallax_layout_type&quot;:&quot;scroll&quot;,&quot;jet_parallax_layout_direction&quot;:&quot;1&quot;,&quot;jet_parallax_layout_fx_direction&quot;:null,&quot;jet_parallax_layout_z_index&quot;:&quot;&quot;,&quot;jet_parallax_layout_bg_x&quot;:50,&quot;jet_parallax_layout_bg_x_tablet&quot;:&quot;&quot;,&quot;jet_parallax_layout_bg_x_mobile&quot;:&quot;&quot;,&quot;jet_parallax_layout_bg_y&quot;:50,&quot;jet_parallax_layout_bg_y_tablet&quot;:&quot;&quot;,&quot;jet_parallax_layout_bg_y_mobile&quot;:&quot;&quot;,&quot;jet_parallax_layout_bg_size&quot;:&quot;auto&quot;,&quot;jet_parallax_layout_bg_size_tablet&quot;:&quot;&quot;,&quot;jet_parallax_layout_bg_size_mobile&quot;:&quot;&quot;,&quot;jet_parallax_layout_animation_prop&quot;:&quot;transform&quot;,&quot;jet_parallax_layout_on&quot;:[&quot;desktop&quot;,&quot;tablet&quot;]}]}\">\n\t\t\t\t\t\t<div class=\"elementor-container elementor-column-gap-default\">\n\t\t\t\t\t<div class=\"elementor-column elementor-col-50 elementor-top-column elementor-element elementor-element-9f1812b\" data-id=\"9f1812b\" data-element_type=\"column\">\n\t\t\t<div class=\"elementor-widget-wrap elementor-element-populated\">\n\t\t\t\t\t\t<div class=\"elementor-element elementor-element-abf7bfd elementor-hidden-phone elementor-invisible elementor-widget elementor-widget-jet-custom-menu\" data-id=\"abf7bfd\" data-element_type=\"widget\" data-settings=\"{&quot;sticky&quot;:&quot;top&quot;,&quot;sticky_on&quot;:[&quot;desktop&quot;,&quot;tablet&quot;],&quot;sticky_offset&quot;:130,&quot;sticky_effects_offset&quot;:130,&quot;sticky_parent&quot;:&quot;yes&quot;,&quot;_animation&quot;:&quot;fadeInDown&quot;,&quot;sticky_anchor_link_offset&quot;:0}\" data-widget_type=\"jet-custom-menu.default\">\n\t\t\t\t<div class=\"elementor-widget-container\">\n\t\t\t\t\t<div class=\"menu-info-container\"><div class=\"jet-custom-nav jet-custom-nav--dropdown-right-side jet-custom-nav--animation-fade\" data-trigger=\"hover\"><div class=\"menu-item menu-item-type-post_type menu-item-object-page menu-item-privacy-policy jet-custom-nav__item jet-custom-nav__item-3671\"><a href=\"https:\/\/travel2study.eu\/ca\/privacy-policy\/\" class=\"jet-custom-nav__item-link\"><span class=\"jet-menu-link-text\"><span class=\"jet-custom-item-label top-level-label\">Pol\u00edtica de privacitat<\/span><\/span><\/a><\/div>\n<div class=\"menu-item menu-item-type-post_type menu-item-object-page jet-custom-nav__item jet-custom-nav__item-3672\"><a href=\"https:\/\/travel2study.eu\/ca\/faq\/\" class=\"jet-custom-nav__item-link\"><span class=\"jet-menu-link-text\"><span class=\"jet-custom-item-label top-level-label\">FAQ<\/span><\/span><\/a><\/div>\n<\/div><\/div>\t\t\t\t<\/div>\n\t\t\t\t<\/div>\n\t\t\t\t\t<\/div>\n\t\t<\/div>\n\t\t\t\t<div class=\"elementor-column elementor-col-50 elementor-top-column elementor-element elementor-element-7b72e4f\" data-id=\"7b72e4f\" data-element_type=\"column\">\n\t\t\t<div class=\"elementor-widget-wrap elementor-element-populated\">\n\t\t\t\t\t\t<div class=\"elementor-element elementor-element-b870a7d elementor-widget elementor-widget-heading\" data-id=\"b870a7d\" data-element_type=\"widget\" data-widget_type=\"heading.default\">\n\t\t\t\t<div class=\"elementor-widget-container\">\n\t\t\t\t\t<h2 class=\"elementor-heading-title elementor-size-default\">Pol\u00edtica de privacitat\n<\/h2>\t\t\t\t<\/div>\n\t\t\t\t<\/div>\n\t\t\t\t<div class=\"elementor-element elementor-element-c2dbac0 elementor-widget-divider--view-line elementor-widget elementor-widget-divider\" data-id=\"c2dbac0\" data-element_type=\"widget\" data-widget_type=\"divider.default\">\n\t\t\t\t<div class=\"elementor-widget-container\">\n\t\t\t\t\t\t\t<div class=\"elementor-divider\">\n\t\t\t<span class=\"elementor-divider-separator\">\n\t\t\t\t\t\t<\/span>\n\t\t<\/div>\n\t\t\t\t\t\t<\/div>\n\t\t\t\t<\/div>\n\t\t\t\t<div class=\"elementor-element elementor-element-015b52f elementor-widget elementor-widget-text-editor\" data-id=\"015b52f\" data-element_type=\"widget\" data-widget_type=\"text-editor.default\">\n\t\t\t\t<div class=\"elementor-widget-container\">\n\t\t\t\t\t\t\t\t\t<h2>Interpretaci\u00f3 i definicions<\/h2>\n<h3>Interpretaci\u00f3<\/h3>\n<p>Les paraules la lletra inicial apareix en maj\u00fascula tenen el significat que es defineix a continuaci\u00f3. Les seg\u00fcents definicions tindran el mateix significat independentment que apareguin en singular o en plural.<\/p>\n<h3>Definicions<\/h3>\n<p>A l'efecte d'aquesta Pol\u00edtica de Privacitat<\/p>\n<ul>\n<li>\n<p class=\" translation-block\">Compte significa un compte \u00fanic creada perqu\u00e8 puguis accedir al nostre Servei o a parts del nostre Servei.<\/p>\n<\/li>\n<li>\n<p class=\" translation-block\">Empresa (referida com \"l'Empresa\", \"Nosaltres\", \"Ens\" o \"El nostre\" en aquest Acord) es refereix a Travel 2 Study, Via Augusta 135, Barcelona.<\/p>\n<\/li>\n<li>\n<p class=\" translation-block\">Les cookies s\u00f3n petits arxius que es col\u2022loquen al teu ordinador, dispositiu m\u00f2bil o qualsevol altre dispositiu per un lloc web, que contenen els detalls de l'historial de navegaci\u00f3 en aquest lloc web entre els teus molts usos<\/p>\n<\/li>\n<li>\n<p class=\" translation-block\">El pa\u00eds es refereix a: Espanya<\/p>\n<\/li>\n<li>\n<p class=\" translation-block\">Dispositiu es refereix a qualsevol dispositiu que pugui accedir a el Servei, com un ordinador, un tel\u00e8fon m\u00f2bil o una tauleta digital.<\/p>\n<\/li>\n<li>\n<p class=\" translation-block\">Dades personals \u00e9s qualsevol informaci\u00f3 relacionada amb un individu identificat o identificable.<\/p>\n<\/li>\n<li>\n<p class=\" translation-block\">Servei es refereix a el Lloc Web.<\/p>\n<\/li>\n<li>\n<p class=\" translation-block\">Prove\u00efdor de Serveis es refereix a qualsevol persona f\u00edsica o jur\u00eddica que processa les dades en nom de la Companyia. Es refereix a les empreses o individus de tercers contractats per l'Empresa per facilitar el Servei, per a prestar el servei en nom de l'Empresa, per a realitzar serveis relacionats amb el Servei o per ajudar a l'empresa a analitzar com s'utilitza el Servei.<\/p>\n<\/li>\n<li>\n<p class=\" translation-block\">Servei de mitjans socials de tercers es refereix a qualsevol lloc web o qualsevol lloc web de xarxa social a trav\u00e9s del qual un usuari pot iniciar sessi\u00f3 o crear un compte per utilitzar el Servei.<\/p>\n<\/li>\n<li>\n<p class=\" translation-block\">Dades d'\u00fas es refereix a les dades recollides autom\u00e0ticament, generats per l'\u00fas de el Servei o de la pr\u00f2pia infraestructura de Servei (per exemple, la durada de la visita a una p\u00e0gina).<\/p>\n<\/li>\n<li>\n<p class=\" translation-block\">Lloc web es refereix a Travel 2 Study, accessible des https:\/\/travel2study.eu\/<\/p>\n<\/li>\n<li>\n<p class=\" translation-block\">Tu es refereix a la persona que hi accedeix o utilitza el Servei, o a l'empresa o una altra entitat jur\u00eddica en el nom aquesta persona accedeix o utilitza el Servei, segons correspongui.<\/p>\n<\/li>\n<\/ul>\n<h2>Recollida i \u00fas de les dades personals<\/h2>\n<h3>Tipus de dades recollides<\/h3>\n<h4>Dades Personals<\/h4>\n<p>A l'utilitzar el nostre servei, \u00e9s possible que et demanem que ens proporcions certa informaci\u00f3 d'identificaci\u00f3 personal que pugui utilitzar per contactar amb tu o identificar-te. La informaci\u00f3 personal identificable pot incloure, per\u00f2 no est\u00e0 limitada a:<\/p>\n<ul>\n<li>\n<p>Adre\u00e7a de correu electr\u00f2nic<\/p>\n<\/li>\n<li>\n<p>Nom i cognoms<\/p>\n<\/li>\n<li>\n<p>N\u00famero de tel\u00e8fon<\/p>\n<\/li>\n<li>\n<p>Direcci\u00f3, Estat, Prov\u00edncia, Codi postal, Ciutat<\/p>\n<\/li>\n<li>\n<p>Dades d'\u00fas<\/p>\n<\/li>\n<\/ul>\n<h4>Dades d'\u00fas<\/h4>\n<p>Les Dades d'\u00das es recullen autom\u00e0ticament a l'utilitzar el Servei.<\/p>\n<p>Les dades d'\u00fas poden incloure informaci\u00f3 com la direcci\u00f3 de protocol d'Internet del dispositiu (per exemple, l'adre\u00e7a IP), el tipus de navegador, la versi\u00f3 de el navegador, les p\u00e0gines del nostre Servei que visites, l'hora i la data de la teva visita, el temps que passes en aquestes p\u00e0gines, els identificadors \u00fanics de el dispositiu i altres dades de diagn\u00f2stic.<\/p>\n<p>Quan accedeixes a el Servei per la trav\u00e9s d'un dispositiu m\u00f2bil, podem recopilar certa informaci\u00f3 autom\u00e0ticament, incloent, per\u00f2 sense limitar-se a, el tipus de dispositiu m\u00f2bil que utilitzes, l'identificador \u00fanic del teu dispositiu m\u00f2bil, l'adre\u00e7a IP del teu dispositiu m\u00f2bil, el teu sistema operatiu m\u00f2bil, el tipus de navegador d'Internet m\u00f2bil que utilitzes, els identificadors \u00fanics de el dispositiu i altres dades de diagn\u00f2stic.<\/p>\n<p>Tamb\u00e9 podem recopilar la informaci\u00f3 que el teu navegador envia cada vegada que visites el nostre servei o quan accedeixes a el Servei per o a trav\u00e9s d'un dispositiu m\u00f2bil.<\/p>\n<h4>Tecnologies de seguiment i galetes<\/h4>\n<p>Utilitzem cookies i tecnologies de seguiment similars per rastrejar l'activitat en el nostre servei i emmagatzemar certa informaci\u00f3. Les tecnologies de seguiment utilitzades s\u00f3n balises, etiquetes i scripts per recopilar i rastrejar informaci\u00f3 i per millorar i analitzar el nostre Servei. Les tecnologies que utilitzem poden incloure:<\/p>\n<ul>\n<li class=\" translation-block\">Galetes o Cookies de el Navegador. Una galeta \u00e9s un petit arxiu col\u2022locat en el teu dispositiu. Pots indicar al teu navegador que rebutgi totes les galetes o que indiqui quan s'envia una cookie. No obstant aix\u00f2, si no acceptes les galetes, \u00e9s possible que no puguis utilitzar algunes parts del nostre Servei. A menys que hagis ajustat la configuraci\u00f3 del teu navegador perqu\u00e8 rebutgi les galetes, el nostre Servei pot utilitzar galetes.<\/li>\n<li class=\" translation-block\">Galetes de Flash. Algunes funcions del nostre servei poden utilitzar objectes locals emmagatzemats (o Flash Galetes) per recollir i emmagatzemar informaci\u00f3 sobre les teves prefer\u00e8ncies o la teva activitat en el nostre Servei. Les Flash Galetes no es gestionen amb la mateixa configuraci\u00f3 de el navegador que els utilitzats per a les galetes de navegador. Per obtenir m\u00e9s informaci\u00f3 sobre com pot eliminar les Flash Galetes, llegeix \"On puc canviar la configuraci\u00f3 per desactivar o eliminar els objectes locals compartits?\" disponible a https:\/\/helpx.adobe.com\/flash-player\/kb\/disable-local-shared-objects-flash.html#main_Where_can_I_change_the_settings_for_disabling__or_deleting_local_shared_objects_.<\/li>\n<li class=\" translation-block\">Balises web. Certes seccions del nostre servei i els nostres correus electr\u00f2nics poden contenir petits arxius electr\u00f2nics coneguts com a web beacons (tamb\u00e9 anomenats clear gifs, p\u00edxel tags i single-p\u00edxel gifs) que permeten a la Companyia, per exemple, comptar els usuaris que han visitat aquestes p\u00e0gines o han obert un correu electr\u00f2nic i per altres estad\u00edstiques relacionades amb el lloc web (per exemple, registrar la popularitat d'una determinada secci\u00f3 i verificar la integritat de sistema i de servidor).<\/li>\n<\/ul>\n<p class=\" translation-block\">Les galetes poden ser \"persistents\" o de \"sessi\u00f3\". Les galetes persistents romanen en el teu ordinador personal o dispositiu m\u00f2bil quan es desconnecta, mentre que les galetes de sessi\u00f3 s'eliminen quant tanques el teu navegador web. Pots obtenir m\u00e9s informaci\u00f3 sobre les cookies aqu\u00ed: Tot sobre les galetes per TermsFeed.<\/p>\n<p>Utilitzem tant les galetes de sessi\u00f3 com les persistents per als fins que s'indiquen a continuaci\u00f3:<\/p>\n<ul>\n<li>\n<p><strong>Cookies necess\u00e0ries\/essencials<\/strong><\/p>\n<p>Tipus: Galetes de sessi\u00f3<\/p>\n<p>Administrades per: Nosaltres<\/p>\n<p>Finalitat: Aquestes galetes s\u00f3n essencials per proporcionar-te els serveis disponibles a trav\u00e9s de la p\u00e0gina web i permetre't utilitzar algunes de les teves funcions. Ajuden a autenticar els usuaris i a evitar l'\u00fas fraudulent dels comptes d'usuari. Sense aquestes galetes, els serveis que has sol\u2022licitat no poden ser proporcionats, i nom\u00e9s fem servir aquestes galetes per proporcionar aquests serveis.<\/p>\n<\/li>\n<li>\n<p><strong>Pol\u00edtica de Cookies \/ Av\u00eds Acceptaci\u00f3 de Galetes<\/strong><\/p>\n<p>Tipus: Galetes persistents<\/p>\n<p>Administrades per: Nosaltres<\/p>\n<p>Finalitat: Aquestes galetes identifiquen si els usuaris han acceptat l'\u00fas de cookies al lloc web.<\/p>\n<\/li>\n<li>\n<p><strong>Galetes de Funcionalitat<\/strong><\/p>\n<p>Tipus: Galetes persistents<\/p>\n<p>Administrades per: Nosaltres<\/p>\n<p>Prop\u00f2sit: Aquestes galetes ens permeten recordar les opcions que fas quan utilitzes el lloc web, com recordar les teves dades d'acc\u00e9s o la teva prefer\u00e8ncia d'idioma. L'objectiu d'aquestes galetes \u00e9s proporcionar-te una experi\u00e8ncia m\u00e9s personal i evitar que hagis de tornar a introduir les prefer\u00e8ncies cada vegada que utilitzi el lloc web.<\/p>\n<\/li>\n<\/ul>\n<p>Per obtenir m\u00e9s informaci\u00f3 sobre les cookies que utilitzem i les teves opcions en relaci\u00f3 amb les galetes, visita la nostra Pol\u00edtica de cookies o la secci\u00f3 de galetes de la nostra Pol\u00edtica de privacitat.<\/p>\n<h3>\u00das de les teves dades personals<\/h3>\n<p>L'empresa pot utilitzar les dades personals per a les finalitats:<\/p>\n<ul>\n<li>\n<p class=\" translation-block\">Per proporcionar i mantenir el nostre Servei, incloent la supervisi\u00f3 de l'\u00fas del nostre servei.<\/p>\n<\/li>\n<li>\n<p class=\" translation-block\">Per gestionar el teu compte: per gestionar el teu registre com a usuari de el Servei. Les Dades Personals que proporciones poden donar-li acc\u00e9s a diferents funcionalitats de el Servei que estan disponibles per a tu com a usuari registrat.<\/p>\n<\/li>\n<li>\n<p class=\" translation-block\">Per a l'execuci\u00f3 d'un contracte: el desenvolupament, compliment i realitzaci\u00f3 del contracte de compra dels productes, articles o serveis que hagis adquirit o de qualsevol altre contracte amb Nosaltres a trav\u00e9s del Servei.<\/p>\n<\/li>\n<li>\n<p class=\" translation-block\">Per contactar amb tu: Per posar-nos en contacte amb tu per correu electr\u00f2nic, trucades telef\u00f2niques, SMS, o altres formes equivalents de comunicaci\u00f3 electr\u00f2nica, com les notificacions push d'una aplicaci\u00f3 m\u00f2bil sobre actualitzacions o comunicacions informatives relacionades amb les funcionalitats, productes o serveis contractats, incloent les actualitzacions de seguretat, quan sigui necessari o raonable per a la teva posada en marxa.<\/p>\n<\/li>\n<li>\n<p class=\" translation-block\">Per proporcionar-not\u00edcies, ofertes especials i informaci\u00f3 general sobre altres b\u00e9ns, serveis i esdeveniments que oferim i que s\u00f3n similars als que ja has comprat o sobre els que has preguntat, llevat que hagis optat per no rebre aquesta informaci\u00f3.<\/p>\n<\/li>\n<li>\n<p class=\" translation-block\">Gestionar les teves sol\u2022licituds: Per atendre i gestionar les teves sol\u2022licituds a Nosaltres.<\/p>\n<\/li>\n<li>\n<p class=\" translation-block\">Per a transfer\u00e8ncies comercials: Podem utilitzar la teva informaci\u00f3 per avaluar o dur a terme una fusi\u00f3, desinversi\u00f3, reestructuraci\u00f3, reorganitzaci\u00f3, dissoluci\u00f3 o una altra venda o transfer\u00e8ncia d'alguns o tots nostres actius, ja sigui com a empresa en marxa o com a part d'un procediment de fallida , liquidaci\u00f3 o similar, en qu\u00e8 les Dades Personals que tenim sobre els nostres usuaris de Servei es troben entre els actius transferits.<\/p>\n<\/li>\n<li>\n<p class=\" translation-block\">Per altres fins: Podem utilitzar la teva informaci\u00f3 per a altres fins, com l'an\u00e0lisi de dades, la identificaci\u00f3 de tend\u00e8ncies d'\u00fas, la determinaci\u00f3 de l'efic\u00e0cia de les nostres campanyes promocionals i per avaluar i millorar el nostre servei, productes, serveis, m\u00e0rqueting i la teva experi\u00e8ncia .<\/p>\n<\/li>\n<\/ul>\n<p>Podem compartir la teva informaci\u00f3 personal en les seg\u00fcents situacions:<\/p>\n<ul>\n<li class=\" translation-block\">Amb prove\u00efdors de serveis: Podem compartir la teva informaci\u00f3 personal amb Prove\u00efdors de Serveis per a monitoritzar i analitzar l'\u00fas del nostre servei, per contactar-.<\/li>\n<li class=\" translation-block\">Per a transfer\u00e8ncies comercials: Podem compartir o transferir la teva informaci\u00f3 personal en relaci\u00f3 amb, o durant les negociacions de, qualsevol fusi\u00f3, venda d'actius de la Companyia, finan\u00e7ament o adquisici\u00f3 de tot o part del nostre negoci a una altra companyia.<\/li>\n<li class=\" translation-block\">Amb les filials: Podem compartir la teva informaci\u00f3 amb les nostres filials, en el cas exigirem a aquestes filials que respectin aquesta pol\u00edtica de privacitat. Les filials inclouen la nostra empresa matriu i qualsevol altra subsidi\u00e0ria, d'empreses o altres empreses que controlem o que estan sota control com\u00fa amb nosaltres.<\/li>\n<li class=\" translation-block\">Amb socis comercials: Podem compartir la teva informaci\u00f3 amb Els nostres socis comercials per oferir-determinats productes, serveis o promocions.<\/li>\n<li class=\" translation-block\">Amb altres usuaris: quan comparteixis informaci\u00f3 personal o interactua d'una altra manera en les \u00e0rees p\u00fabliques amb altres usuaris, la informaci\u00f3 pot ser vista per tots els usuaris i pot ser distribu\u00efda p\u00fablicament a l'exterior. Si interactues amb altres usuaris o es registra a trav\u00e9s d'un servei de Mitjans Socials de Tercers, els teus contactes en el Servei de Mitjans Socials de Tercers podran veure el teu nom, perfil, fotos i descripci\u00f3 de la teva activitat. De la mateixa manera, altres usuaris podran veure les descripcions de la teva activitat, comunicar-amb tu i veure el teu perfil.<\/li>\n<li class=\" translation-block\">Amb el teu consentiment: Podem revelar les teves dades personals per a qualsevol altre prop\u00f2sit amb el teu consentiment.<\/li>\n<\/ul>\n<h3>Conservaci\u00f3 de les teves dades personals<\/h3>\n<p>L'empresa conservar\u00e0 les teves dades personals nom\u00e9s durant el temps necessari per als fins establerts en aquesta pol\u00edtica de privacitat. Conservarem i utilitzarem les teves dades personals en la mesura necess\u00e0ria per complir les nostres obligacions legals (per exemple, si estem obligats a conservar les teves dades per complir amb les lleis aplicables), resoldre disputes i fer complir els nostres acords i pol\u00edtiques legals.<\/p>\n<p>L'empresa tamb\u00e9 conservar\u00e0 les dades d'\u00fas per a fins d'an\u00e0lisi interna. En general, les Dades d'\u00das es conserven durant un per\u00edode de temps m\u00e9s curt, excepte quan aquestes dades es fan servir per refor\u00e7ar la seguretat o millorar la funcionalitat del nostre servei, o quan estem legalment obligats a conservar aquestes dades durant per\u00edodes de temps m\u00e9s llargs.<\/p>\n<h3>Transfer\u00e8ncia de les teves dades personals<\/h3>\n<p>La teva informaci\u00f3, incloent les Dades Personals, es processa en les oficines operatives de la Companyia i en qualsevol altre lloc on es trobin les parts involucrades en el processament. Aix\u00f2 vol dir que aquesta informaci\u00f3 pot ser transferida i mantinguda en ordinadors situats fora del teu estat, prov\u00edncia, pa\u00eds o una altra jurisdicci\u00f3 governamental on les lleis de protecci\u00f3 de dades poden ser diferents a les de la teva jurisdicci\u00f3.<\/p>\n<p>El teu consentiment a aquesta pol\u00edtica de privacitat, seguit del teu enviament d'aquesta informaci\u00f3, representa la teva acord amb aquesta transfer\u00e8ncia.<\/p>\n<p>L'Empresa ha de prendre totes les mesures raonablement necess\u00e0ries per a garantir que les teves dades siguin tractades de forma segura i d'acord amb aquesta Pol\u00edtica de Privadesa i no es realitzar\u00e0 cap transfer\u00e8ncia de les teves dades personals a una organitzaci\u00f3 o pa\u00eds llevat que hi hagi controls adequats que incloguin la seguretat de les teves dades i altra informaci\u00f3 personal.<\/p>\n<h3>Divulgaci\u00f3 de les teves dades personals<\/h3>\n<h4>Transaccions comercials<\/h4>\n<p>Si l'empresa participa en una fusi\u00f3, adquisici\u00f3 o venda d'actius, les teves dades personals poden ser transferits. L'avisarem abans que les teves dades personals siguin transferides i quedin subjectes a una pol\u00edtica de privacitat diferent.<\/p>\n<h4>Compliment de la llei<\/h4>\n<p>En determinades circumst\u00e0ncies, l'empresa pot veure obligada a revelar les teves dades personals si aix\u00ed ho exigeix la llei o en resposta a sol\u2022licituds v\u00e0lides de les autoritats p\u00fabliques (per exemple, un tribunal o una ag\u00e8ncia governamental).<\/p>\n<h4>Altres requisits legals<\/h4>\n<p>L'empresa pot revelar les teves dades personals si creu de bona fe que aquesta acci\u00f3 \u00e9s necess\u00e0ria per<\/p>\n<ul>\n<li>Complir amb una obligaci\u00f3 legal<\/li>\n<li>Protegir i defensar els drets o la propietat de l'empresa<\/li>\n<li>Prevenir o investigar possibles infraccions en relaci\u00f3 amb el Servei<\/li>\n<li>Protegir la seguretat personal dels usuaris de Servei o de el p\u00fablic<\/li>\n<li>Protegir contra la responsabilitat legal<\/li>\n<\/ul>\n<h3>Seguretat de les teves dades personals<\/h3>\n<p>La seguretat de les teves dades personals \u00e9s important per a nosaltres, per\u00f2 recordeu que cap m\u00e8tode de transmissi\u00f3 per Internet o d'emmagatzematge electr\u00f2nic \u00e9s 100% segur. Encara que ens esforcem per utilitzar mitjans comercialment acceptables per protegir les teves dades personals, no podem garantir la teva seguretat absoluta.<\/p>\n<h2>Enlla\u00e7os a altres llocs web<\/h2>\n<p>El nostre servei pot contenir enlla\u00e7os a altres llocs web que no s\u00f3n operats per nosaltres. Si fa clic en un enlla\u00e7 d'un tercer, ser\u00e0 dirigit a el lloc d'aquest tercer. Es recomana que revisi la pol\u00edtica de privacitat de cada lloc que visiti.<\/p>\n<p>No tenim cap control ni assumim cap responsabilitat pel contingut, les pol\u00edtiques de privacitat o les pr\u00e0ctiques dels llocs o serveis de tercers.<\/p>\n<h2>Canvis en la pol\u00edtica de privacitat<\/h2>\n<p>Podem actualitzar la nostra pol\u00edtica de privacitat de tant en tant. Us informarem de qualsevol canvi publicant la nova Pol\u00edtica de Privacitat en aquesta p\u00e0gina.<\/p>\n<p>L'hi comunicarem per correu electr\u00f2nic i \/ o mitjan\u00e7ant un av\u00eds destacat al nostre Servei, abans que el canvi entri en vigor i actualitzem la data de \"Darrera actualitzaci\u00f3\" a la part superior d'aquesta pol\u00edtica de privacitat.<\/p>\n<p>Se li aconsella que revisi aquesta Pol\u00edtica de Privacitat peri\u00f2dicament per veure si hi ha canvis. Els canvis en aquesta pol\u00edtica de privacitat s\u00f3n efectius quan es publiquen en aquesta p\u00e0gina.<\/p>\n<h2>Contacte amb l'empresa<\/h2>\n<p>Si t\u00e9 alguna pregunta sobre aquesta Pol\u00edtica de Privacitat, pot posar-se en contacte amb nosaltres<\/p>\n<ul>\n<li>Per correu electr\u00f2nic: office@travel2study.eu<\/li>\n<\/ul>\t\t\t\t\t\t\t\t<\/div>\n\t\t\t\t<\/div>\n\t\t\t\t\t<\/div>\n\t\t<\/div>\n\t\t\t\t\t<\/div>\n\t\t<\/section>\n\t\t\t\t<\/div>","protected":false},"excerpt":{"rendered":"<p>Privacy Policy FAQ Privacy Policy Interpretation and Definitions Interpretation The words of which the initial letter is capitalized have meanings defined under the following conditions. The following definitions shall have the same meaning regardless of whether they appear in singular or in plural. Definitions For the purposes of this Privacy Policy: Account\u00a0means a unique account [&hellip;]<\/p>","protected":false},"author":1,"featured_media":0,"parent":0,"menu_order":0,"comment_status":"closed","ping_status":"open","template":"elementor_header_footer","meta":{"footnotes":""},"class_list":["post-3","page","type-page","status-publish","hentry"],"_links":{"self":[{"href":"https:\/\/travel2study.eu\/ca\/wp-json\/wp\/v2\/pages\/3","targetHints":{"allow":["GET"]}}],"collection":[{"href":"https:\/\/travel2study.eu\/ca\/wp-json\/wp\/v2\/pages"}],"about":[{"href":"https:\/\/travel2study.eu\/ca\/wp-json\/wp\/v2\/types\/page"}],"author":[{"embeddable":true,"href":"https:\/\/travel2study.eu\/ca\/wp-json\/wp\/v2\/users\/1"}],"replies":[{"embeddable":true,"href":"https:\/\/travel2study.eu\/ca\/wp-json\/wp\/v2\/comments?post=3"}],"version-history":[{"count":33,"href":"https:\/\/travel2study.eu\/ca\/wp-json\/wp\/v2\/pages\/3\/revisions"}],"predecessor-version":[{"id":3687,"href":"https:\/\/travel2study.eu\/ca\/wp-json\/wp\/v2\/pages\/3\/revisions\/3687"}],"wp:attachment":[{"href":"https:\/\/travel2study.eu\/ca\/wp-json\/wp\/v2\/media?parent=3"}],"curies":[{"name":"wp","href":"https:\/\/api.w.org\/{rel}","templated":true}]}}